{"id":1135,"date":"2024-01-04T17:47:22","date_gmt":"2024-01-04T17:47:22","guid":{"rendered":"https:\/\/1e0a6538c9.nxcli.io\/?page_id=1135"},"modified":"2025-03-07T19:09:16","modified_gmt":"2025-03-07T19:09:16","slug":"olitique-de-confidentialite","status":"publish","type":"page","link":"https:\/\/rougeriverfarms.com\/fr\/olitique-de-confidentialite\/","title":{"rendered":"olitique de confidentialit\u00e9"},"content":{"rendered":"\n<section class=\"general white  default\">\n<div class=\"container\">\n    <div class=\"column\"><div class=\"module text-module\"><h1>olitique de confidentialit\u00e9<\/h1>\n<p>Rouge River Farms prend votre vie priv\u00e9e au s\u00e9rieux. Cette politique de confidentialit\u00e9 d\u00e9crit les informations personnelles que nous collectons et comment nous les utilisons. Consultez ce guide de politique de confidentialit\u00e9 pour en savoir plus sur les politiques de confidentialit\u00e9 en g\u00e9n\u00e9ral.<\/p>\n<h3><strong>Collecte d&rsquo;informations de routine<\/strong><\/h3>\n<p>Tous les serveurs web suivent des informations de base sur leurs visiteurs. Ces informations incluent, mais ne se limitent pas \u00e0, les adresses IP, les d\u00e9tails du navigateur, les horodatages et les pages r\u00e9f\u00e9rentes. Aucune de ces informations ne permet d&rsquo;identifier personnellement des visiteurs sp\u00e9cifiques de ce site. Les informations sont collect\u00e9es \u00e0 des fins administratives et de maintenance de routine.<\/p>\n<h3><strong>Cookies et balises web<\/strong><\/h3>\n<p>Lorsque cela est n\u00e9cessaire, Rouge River Farms utilise des cookies pour stocker des informations sur les pr\u00e9f\u00e9rences et l&rsquo;historique d&rsquo;un visiteur afin de mieux r\u00e9pondre \u00e0 ses besoins et\/ou de lui pr\u00e9senter un contenu personnalis\u00e9.<br \/>\nLes partenaires publicitaires et autres tiers peuvent \u00e9galement utiliser des cookies, des scripts et\/ou des balises web pour suivre les visiteurs de notre site afin d&rsquo;afficher des publicit\u00e9s et d&rsquo;autres informations utiles. Ce suivi est effectu\u00e9 directement par les tiers via leurs propres serveurs et est soumis \u00e0 leurs propres politiques de confidentialit\u00e9.<\/p>\n<h3><strong>Contr\u00f4le de votre vie priv\u00e9e<\/strong><\/h3>\n<p>Notez que vous pouvez modifier les param\u00e8tres de votre navigateur pour d\u00e9sactiver les cookies si vous avez des pr\u00e9occupations concernant votre vie priv\u00e9e. D\u00e9sactiver les cookies pour tous les sites n&rsquo;est pas recommand\u00e9, car cela pourrait interf\u00e9rer avec votre utilisation de certains sites. L&rsquo;option la plus adapt\u00e9e est de d\u00e9sactiver ou d&rsquo;activer les cookies sur une base par site. Consultez la documentation de votre navigateur pour obtenir des instructions sur la mani\u00e8re de bloquer les cookies et autres m\u00e9canismes de suivi. Cette liste de liens de gestion de la confidentialit\u00e9 des navigateurs web pourrait \u00e9galement \u00eatre utile.<\/p>\n<h3><strong>Note sp\u00e9ciale concernant la publicit\u00e9 Google<\/strong><\/h3>\n<p>Les publicit\u00e9s diffus\u00e9es par Google, Inc. et ses entreprises affili\u00e9es peuvent \u00eatre contr\u00f4l\u00e9es \u00e0 l&rsquo;aide de cookies. Ces cookies permettent \u00e0 Google d&rsquo;afficher des publicit\u00e9s en fonction de vos visites sur ce site et d&rsquo;autres sites utilisant les services publicitaires de Google. Apprenez \u00e0 vous d\u00e9sinscrire de l&rsquo;utilisation des cookies par Google. Comme mentionn\u00e9 ci-dessus, tout suivi effectu\u00e9 par Google via des cookies et d&rsquo;autres m\u00e9canismes est soumis aux propres politiques de confidentialit\u00e9 de Google.<\/p>\n<\/div><\/div>    <\/div>\n<\/section>","protected":false},"excerpt":{"rendered":"","protected":false},"author":1,"featured_media":0,"parent":0,"menu_order":7,"comment_status":"closed","ping_status":"closed","template":"","meta":{"_acf_changed":false,"_relevanssi_hide_post":"","_relevanssi_pin_for_all":"","_relevanssi_pin_keywords":"","_relevanssi_unpin_keywords":"","_relevanssi_related_keywords":"","_relevanssi_related_include_ids":"","_relevanssi_related_exclude_ids":"","_relevanssi_related_no_append":"","_relevanssi_related_not_related":"","_relevanssi_related_posts":"","_relevanssi_noindex_reason":"","footnotes":""},"class_list":["post-1135","page","type-page","status-publish","hentry"],"acf":[],"yoast_head":"<!-- This site is optimized with the Yoast SEO plugin v27.4 - https:\/\/yoast.com\/product\/yoast-seo-wordpress\/ -->\n<title>olitique de confidentialit\u00e9 - Rouge River Farms<\/title>\n<meta name=\"description\" content=\"Consultez la politique de confidentialit\u00e9 de Rouge River Farms, de notre site web ainsi que de toutes les autres technologies et donn\u00e9es li\u00e9es \u00e0 notre entreprise.\" \/>\n<meta name=\"robots\" content=\"index, follow, max-snippet:-1, max-image-preview:large, max-video-preview:-1\" \/>\n<link rel=\"canonical\" href=\"https:\/\/rougeriverfarms.com\/fr\/olitique-de-confidentialite\/\" \/>\n<meta property=\"og:locale\" content=\"fr_FR\" \/>\n<meta property=\"og:type\" content=\"article\" \/>\n<meta property=\"og:title\" content=\"olitique de confidentialit\u00e9 - Rouge River Farms\" \/>\n<meta property=\"og:description\" content=\"Consultez la politique de confidentialit\u00e9 de Rouge River Farms, de notre site web ainsi que de toutes les autres technologies et donn\u00e9es li\u00e9es \u00e0 notre entreprise.\" \/>\n<meta property=\"og:url\" content=\"https:\/\/rougeriverfarms.com\/fr\/olitique-de-confidentialite\/\" \/>\n<meta property=\"og:site_name\" content=\"Rouge River Farms\" \/>\n<meta property=\"article:modified_time\" content=\"2025-03-07T19:09:16+00:00\" \/>\n<meta name=\"twitter:card\" content=\"summary_large_image\" \/>\n<script type=\"application\/ld+json\" class=\"yoast-schema-graph\">{\"@context\":\"https:\\\/\\\/schema.org\",\"@graph\":[{\"@type\":\"WebPage\",\"@id\":\"https:\\\/\\\/rougeriverfarms.com\\\/fr\\\/olitique-de-confidentialite\\\/\",\"url\":\"https:\\\/\\\/rougeriverfarms.com\\\/fr\\\/olitique-de-confidentialite\\\/\",\"name\":\"olitique de confidentialit\u00e9 - Rouge River Farms\",\"isPartOf\":{\"@id\":\"https:\\\/\\\/rougeriverfarms.com\\\/fr\\\/#website\"},\"datePublished\":\"2024-01-04T17:47:22+00:00\",\"dateModified\":\"2025-03-07T19:09:16+00:00\",\"description\":\"Consultez la politique de confidentialit\u00e9 de Rouge River Farms, de notre site web ainsi que de toutes les autres technologies et donn\u00e9es li\u00e9es \u00e0 notre entreprise.\",\"breadcrumb\":{\"@id\":\"https:\\\/\\\/rougeriverfarms.com\\\/fr\\\/olitique-de-confidentialite\\\/#breadcrumb\"},\"inLanguage\":\"fr-FR\",\"potentialAction\":[{\"@type\":\"ReadAction\",\"target\":[\"https:\\\/\\\/rougeriverfarms.com\\\/fr\\\/olitique-de-confidentialite\\\/\"]}]},{\"@type\":\"BreadcrumbList\",\"@id\":\"https:\\\/\\\/rougeriverfarms.com\\\/fr\\\/olitique-de-confidentialite\\\/#breadcrumb\",\"itemListElement\":[{\"@type\":\"ListItem\",\"position\":1,\"name\":\"Home\",\"item\":\"https:\\\/\\\/rougeriverfarms.com\\\/fr\\\/\"},{\"@type\":\"ListItem\",\"position\":2,\"name\":\"olitique de confidentialit\u00e9\"}]},{\"@type\":\"WebSite\",\"@id\":\"https:\\\/\\\/rougeriverfarms.com\\\/fr\\\/#website\",\"url\":\"https:\\\/\\\/rougeriverfarms.com\\\/fr\\\/\",\"name\":\"Rouge River Farms\",\"description\":\"\",\"potentialAction\":[{\"@type\":\"SearchAction\",\"target\":{\"@type\":\"EntryPoint\",\"urlTemplate\":\"https:\\\/\\\/rougeriverfarms.com\\\/fr\\\/?s={search_term_string}\"},\"query-input\":{\"@type\":\"PropertyValueSpecification\",\"valueRequired\":true,\"valueName\":\"search_term_string\"}}],\"inLanguage\":\"fr-FR\"}]}<\/script>\n<!-- \/ Yoast SEO plugin. -->","yoast_head_json":{"title":"olitique de confidentialit\u00e9 - Rouge River Farms","description":"Consultez la politique de confidentialit\u00e9 de Rouge River Farms, de notre site web ainsi que de toutes les autres technologies et donn\u00e9es li\u00e9es \u00e0 notre entreprise.","robots":{"index":"index","follow":"follow","max-snippet":"max-snippet:-1","max-image-preview":"max-image-preview:large","max-video-preview":"max-video-preview:-1"},"canonical":"https:\/\/rougeriverfarms.com\/fr\/olitique-de-confidentialite\/","og_locale":"fr_FR","og_type":"article","og_title":"olitique de confidentialit\u00e9 - Rouge River Farms","og_description":"Consultez la politique de confidentialit\u00e9 de Rouge River Farms, de notre site web ainsi que de toutes les autres technologies et donn\u00e9es li\u00e9es \u00e0 notre entreprise.","og_url":"https:\/\/rougeriverfarms.com\/fr\/olitique-de-confidentialite\/","og_site_name":"Rouge River Farms","article_modified_time":"2025-03-07T19:09:16+00:00","twitter_card":"summary_large_image","schema":{"@context":"https:\/\/schema.org","@graph":[{"@type":"WebPage","@id":"https:\/\/rougeriverfarms.com\/fr\/olitique-de-confidentialite\/","url":"https:\/\/rougeriverfarms.com\/fr\/olitique-de-confidentialite\/","name":"olitique de confidentialit\u00e9 - Rouge River Farms","isPartOf":{"@id":"https:\/\/rougeriverfarms.com\/fr\/#website"},"datePublished":"2024-01-04T17:47:22+00:00","dateModified":"2025-03-07T19:09:16+00:00","description":"Consultez la politique de confidentialit\u00e9 de Rouge River Farms, de notre site web ainsi que de toutes les autres technologies et donn\u00e9es li\u00e9es \u00e0 notre entreprise.","breadcrumb":{"@id":"https:\/\/rougeriverfarms.com\/fr\/olitique-de-confidentialite\/#breadcrumb"},"inLanguage":"fr-FR","potentialAction":[{"@type":"ReadAction","target":["https:\/\/rougeriverfarms.com\/fr\/olitique-de-confidentialite\/"]}]},{"@type":"BreadcrumbList","@id":"https:\/\/rougeriverfarms.com\/fr\/olitique-de-confidentialite\/#breadcrumb","itemListElement":[{"@type":"ListItem","position":1,"name":"Home","item":"https:\/\/rougeriverfarms.com\/fr\/"},{"@type":"ListItem","position":2,"name":"olitique de confidentialit\u00e9"}]},{"@type":"WebSite","@id":"https:\/\/rougeriverfarms.com\/fr\/#website","url":"https:\/\/rougeriverfarms.com\/fr\/","name":"Rouge River Farms","description":"","potentialAction":[{"@type":"SearchAction","target":{"@type":"EntryPoint","urlTemplate":"https:\/\/rougeriverfarms.com\/fr\/?s={search_term_string}"},"query-input":{"@type":"PropertyValueSpecification","valueRequired":true,"valueName":"search_term_string"}}],"inLanguage":"fr-FR"}]}},"_links":{"self":[{"href":"https:\/\/rougeriverfarms.com\/fr\/wp-json\/wp\/v2\/pages\/1135","targetHints":{"allow":["GET"]}}],"collection":[{"href":"https:\/\/rougeriverfarms.com\/fr\/wp-json\/wp\/v2\/pages"}],"about":[{"href":"https:\/\/rougeriverfarms.com\/fr\/wp-json\/wp\/v2\/types\/page"}],"author":[{"embeddable":true,"href":"https:\/\/rougeriverfarms.com\/fr\/wp-json\/wp\/v2\/users\/1"}],"replies":[{"embeddable":true,"href":"https:\/\/rougeriverfarms.com\/fr\/wp-json\/wp\/v2\/comments?post=1135"}],"version-history":[{"count":2,"href":"https:\/\/rougeriverfarms.com\/fr\/wp-json\/wp\/v2\/pages\/1135\/revisions"}],"predecessor-version":[{"id":1145,"href":"https:\/\/rougeriverfarms.com\/fr\/wp-json\/wp\/v2\/pages\/1135\/revisions\/1145"}],"wp:attachment":[{"href":"https:\/\/rougeriverfarms.com\/fr\/wp-json\/wp\/v2\/media?parent=1135"}],"curies":[{"name":"wp","href":"https:\/\/api.w.org\/{rel}","templated":true}]}}