{"id":1124,"date":"2024-04-23T06:56:55","date_gmt":"2024-04-23T06:56:55","guid":{"rendered":"https:\/\/1e0a6538c9.nxcli.io\/?page_id=1124"},"modified":"2025-03-07T19:26:28","modified_gmt":"2025-03-07T19:26:28","slug":"carrieres","status":"publish","type":"page","link":"https:\/\/rougeriverfarms.com\/fr\/a-propos-de-nous\/carrieres\/","title":{"rendered":"Carri\u00e8res"},"content":{"rendered":"\n<section class=\"hero white\" style=\"background-image:url(https:\/\/rougeriverfarms.com\/wp-content\/uploads\/2024\/04\/contact_hero.webp);\">\n    <div class=\"container\">\n            <h1><strong>Carri\u00e8res<\/strong> chez Rouge River Farms<\/h1>\n    <\/div>\n<\/section>\n\n\n<section class=\"general white  default\">\n<div class=\"container smallright\">\n    <div class=\"column\"><div class=\"module text-module\"><h2><span style=\"text-decoration: underline;\">Faites un travail<\/span> qui vous rend fier<\/h2>\n<p>Faire partie de l&rsquo;\u00e9quipe de Rouge River signifie obtenir la dignit\u00e9 que vous m\u00e9ritez gr\u00e2ce \u00e0 votre travail. Des \u00e9quipes agricoles au personnel des installations d&#8217;emballage, en passant par les chauffeurs de camion, chaque personne re\u00e7oit ce dont elle a besoin pour r\u00e9ussir. Cela commence par les grandes choses:<\/p>\n<ul>\n<li>Un environnement de travail s\u00e9curitaire<\/li>\n<li>Des formations et des opportunit\u00e9s d&rsquo;apprentissage pour exceller<\/li>\n<li>Une r\u00e9mun\u00e9ration \u00e9quitable<\/li>\n<\/ul>\n<p>Mais cela va bien au-del\u00e0. Ici, vous \u00eates respect\u00e9 pour votre engagement et reconnu pour votre contribution \u00e0 notre progression en tant qu&rsquo;organisation. Ensemble, nous produisons des aliments de qualit\u00e9.<\/p>\n<\/div><\/div><div class=\"column\"><div class=\"cta-module white-bg-cta \"><h2>Vous souhaitez rejoindre notre \u00e9quipe ?<\/h2><div class=\"module button-module\"><p><a href=\"https:\/\/rougeriverfarms.com\/fr\/contactez-nous\/\" class=\"btn\" target=\"_self\">Contactez-nous<\/a><\/p><\/div><\/div><\/div>    <\/div>\n<\/section>\n\n\n<section class=\"image-highlight\">\n    <div class=\"container\">\n                <a class=\"post hasthumb\" href=\"https:\/\/rougeriverfarms.com\/fr\/a-propos-de-nous\/emplacement-des-installations\/\">            \n            <div class=\"content\">\n                <h2>10 000 Acres et en Croissance<\/h2>\n                <p>D\u00e9couvrez les opportunit\u00e9s sur nos fermes en Floride, en G\u00e9orgie, en Virginie et en Ontario, ou dans nos installations d&#8217;emballage en Floride, en Virginie et en Ontario.<\/p>\n                <div class=\"readMore btn\">Nos Emplacements<\/div>\n            <\/div>\n            <div class=\"thumbnail\"><img decoding=\"async\" src=\"https:\/\/rougeriverfarms.com\/wp-content\/uploads\/2024\/04\/10kacres.webp\" alt=\"\"><\/div>        <\/a>\n    <\/div>\n<\/section>","protected":false},"excerpt":{"rendered":"","protected":false},"author":1,"featured_media":0,"parent":1116,"menu_order":1,"comment_status":"closed","ping_status":"closed","template":"","meta":{"_acf_changed":false,"_relevanssi_hide_post":"","_relevanssi_pin_for_all":"","_relevanssi_pin_keywords":"","_relevanssi_unpin_keywords":"","_relevanssi_related_keywords":"","_relevanssi_related_include_ids":"","_relevanssi_related_exclude_ids":"","_relevanssi_related_no_append":"","_relevanssi_related_not_related":"","_relevanssi_related_posts":"","_relevanssi_noindex_reason":"","footnotes":""},"class_list":["post-1124","page","type-page","status-publish","hentry"],"acf":[],"yoast_head":"<!-- This site is optimized with the Yoast SEO plugin v27.4 - https:\/\/yoast.com\/product\/yoast-seo-wordpress\/ -->\n<title>Carri\u00e8res | Rouge River Farms<\/title>\n<meta name=\"description\" content=\"Consultez les offres d&#039;emploi chez Rouge River Farms et trouvez une carri\u00e8re dans la production alimentaire qui vous permettra de vous sentir bien dans ce que vous faites.\" \/>\n<meta name=\"robots\" content=\"index, follow, max-snippet:-1, max-image-preview:large, max-video-preview:-1\" \/>\n<link rel=\"canonical\" href=\"https:\/\/rougeriverfarms.com\/fr\/a-propos-de-nous\/carrieres\/\" \/>\n<meta property=\"og:locale\" content=\"fr_FR\" \/>\n<meta property=\"og:type\" content=\"article\" \/>\n<meta property=\"og:title\" content=\"Carri\u00e8res | Rouge River Farms\" \/>\n<meta property=\"og:description\" content=\"Consultez les offres d&#039;emploi chez Rouge River Farms et trouvez une carri\u00e8re dans la production alimentaire qui vous permettra de vous sentir bien dans ce que vous faites.\" \/>\n<meta property=\"og:url\" content=\"https:\/\/rougeriverfarms.com\/fr\/a-propos-de-nous\/carrieres\/\" \/>\n<meta property=\"og:site_name\" content=\"Rouge River Farms\" \/>\n<meta property=\"article:modified_time\" content=\"2025-03-07T19:26:28+00:00\" \/>\n<meta name=\"twitter:card\" content=\"summary_large_image\" \/>\n<script type=\"application\/ld+json\" class=\"yoast-schema-graph\">{\"@context\":\"https:\\\/\\\/schema.org\",\"@graph\":[{\"@type\":\"WebPage\",\"@id\":\"https:\\\/\\\/rougeriverfarms.com\\\/fr\\\/a-propos-de-nous\\\/carrieres\\\/\",\"url\":\"https:\\\/\\\/rougeriverfarms.com\\\/fr\\\/a-propos-de-nous\\\/carrieres\\\/\",\"name\":\"Carri\u00e8res | Rouge River Farms\",\"isPartOf\":{\"@id\":\"https:\\\/\\\/rougeriverfarms.com\\\/fr\\\/#website\"},\"datePublished\":\"2024-04-23T06:56:55+00:00\",\"dateModified\":\"2025-03-07T19:26:28+00:00\",\"description\":\"Consultez les offres d'emploi chez Rouge River Farms et trouvez une carri\u00e8re dans la production alimentaire qui vous permettra de vous sentir bien dans ce que vous faites.\",\"breadcrumb\":{\"@id\":\"https:\\\/\\\/rougeriverfarms.com\\\/fr\\\/a-propos-de-nous\\\/carrieres\\\/#breadcrumb\"},\"inLanguage\":\"fr-FR\",\"potentialAction\":[{\"@type\":\"ReadAction\",\"target\":[\"https:\\\/\\\/rougeriverfarms.com\\\/fr\\\/a-propos-de-nous\\\/carrieres\\\/\"]}]},{\"@type\":\"BreadcrumbList\",\"@id\":\"https:\\\/\\\/rougeriverfarms.com\\\/fr\\\/a-propos-de-nous\\\/carrieres\\\/#breadcrumb\",\"itemListElement\":[{\"@type\":\"ListItem\",\"position\":1,\"name\":\"Home\",\"item\":\"https:\\\/\\\/rougeriverfarms.com\\\/fr\\\/\"},{\"@type\":\"ListItem\",\"position\":2,\"name\":\"A propos de nous\",\"item\":\"https:\\\/\\\/rougeriverfarms.com\\\/fr\\\/a-propos-de-nous\\\/\"},{\"@type\":\"ListItem\",\"position\":3,\"name\":\"Carri\u00e8res\"}]},{\"@type\":\"WebSite\",\"@id\":\"https:\\\/\\\/rougeriverfarms.com\\\/fr\\\/#website\",\"url\":\"https:\\\/\\\/rougeriverfarms.com\\\/fr\\\/\",\"name\":\"Rouge River Farms\",\"description\":\"\",\"potentialAction\":[{\"@type\":\"SearchAction\",\"target\":{\"@type\":\"EntryPoint\",\"urlTemplate\":\"https:\\\/\\\/rougeriverfarms.com\\\/fr\\\/?s={search_term_string}\"},\"query-input\":{\"@type\":\"PropertyValueSpecification\",\"valueRequired\":true,\"valueName\":\"search_term_string\"}}],\"inLanguage\":\"fr-FR\"}]}<\/script>\n<!-- \/ Yoast SEO plugin. -->","yoast_head_json":{"title":"Carri\u00e8res | Rouge River Farms","description":"Consultez les offres d'emploi chez Rouge River Farms et trouvez une carri\u00e8re dans la production alimentaire qui vous permettra de vous sentir bien dans ce que vous faites.","robots":{"index":"index","follow":"follow","max-snippet":"max-snippet:-1","max-image-preview":"max-image-preview:large","max-video-preview":"max-video-preview:-1"},"canonical":"https:\/\/rougeriverfarms.com\/fr\/a-propos-de-nous\/carrieres\/","og_locale":"fr_FR","og_type":"article","og_title":"Carri\u00e8res | Rouge River Farms","og_description":"Consultez les offres d'emploi chez Rouge River Farms et trouvez une carri\u00e8re dans la production alimentaire qui vous permettra de vous sentir bien dans ce que vous faites.","og_url":"https:\/\/rougeriverfarms.com\/fr\/a-propos-de-nous\/carrieres\/","og_site_name":"Rouge River Farms","article_modified_time":"2025-03-07T19:26:28+00:00","twitter_card":"summary_large_image","schema":{"@context":"https:\/\/schema.org","@graph":[{"@type":"WebPage","@id":"https:\/\/rougeriverfarms.com\/fr\/a-propos-de-nous\/carrieres\/","url":"https:\/\/rougeriverfarms.com\/fr\/a-propos-de-nous\/carrieres\/","name":"Carri\u00e8res | Rouge River Farms","isPartOf":{"@id":"https:\/\/rougeriverfarms.com\/fr\/#website"},"datePublished":"2024-04-23T06:56:55+00:00","dateModified":"2025-03-07T19:26:28+00:00","description":"Consultez les offres d'emploi chez Rouge River Farms et trouvez une carri\u00e8re dans la production alimentaire qui vous permettra de vous sentir bien dans ce que vous faites.","breadcrumb":{"@id":"https:\/\/rougeriverfarms.com\/fr\/a-propos-de-nous\/carrieres\/#breadcrumb"},"inLanguage":"fr-FR","potentialAction":[{"@type":"ReadAction","target":["https:\/\/rougeriverfarms.com\/fr\/a-propos-de-nous\/carrieres\/"]}]},{"@type":"BreadcrumbList","@id":"https:\/\/rougeriverfarms.com\/fr\/a-propos-de-nous\/carrieres\/#breadcrumb","itemListElement":[{"@type":"ListItem","position":1,"name":"Home","item":"https:\/\/rougeriverfarms.com\/fr\/"},{"@type":"ListItem","position":2,"name":"A propos de nous","item":"https:\/\/rougeriverfarms.com\/fr\/a-propos-de-nous\/"},{"@type":"ListItem","position":3,"name":"Carri\u00e8res"}]},{"@type":"WebSite","@id":"https:\/\/rougeriverfarms.com\/fr\/#website","url":"https:\/\/rougeriverfarms.com\/fr\/","name":"Rouge River Farms","description":"","potentialAction":[{"@type":"SearchAction","target":{"@type":"EntryPoint","urlTemplate":"https:\/\/rougeriverfarms.com\/fr\/?s={search_term_string}"},"query-input":{"@type":"PropertyValueSpecification","valueRequired":true,"valueName":"search_term_string"}}],"inLanguage":"fr-FR"}]}},"_links":{"self":[{"href":"https:\/\/rougeriverfarms.com\/fr\/wp-json\/wp\/v2\/pages\/1124","targetHints":{"allow":["GET"]}}],"collection":[{"href":"https:\/\/rougeriverfarms.com\/fr\/wp-json\/wp\/v2\/pages"}],"about":[{"href":"https:\/\/rougeriverfarms.com\/fr\/wp-json\/wp\/v2\/types\/page"}],"author":[{"embeddable":true,"href":"https:\/\/rougeriverfarms.com\/fr\/wp-json\/wp\/v2\/users\/1"}],"replies":[{"embeddable":true,"href":"https:\/\/rougeriverfarms.com\/fr\/wp-json\/wp\/v2\/comments?post=1124"}],"version-history":[{"count":4,"href":"https:\/\/rougeriverfarms.com\/fr\/wp-json\/wp\/v2\/pages\/1124\/revisions"}],"predecessor-version":[{"id":1159,"href":"https:\/\/rougeriverfarms.com\/fr\/wp-json\/wp\/v2\/pages\/1124\/revisions\/1159"}],"up":[{"embeddable":true,"href":"https:\/\/rougeriverfarms.com\/fr\/wp-json\/wp\/v2\/pages\/1116"}],"wp:attachment":[{"href":"https:\/\/rougeriverfarms.com\/fr\/wp-json\/wp\/v2\/media?parent=1124"}],"curies":[{"name":"wp","href":"https:\/\/api.w.org\/{rel}","templated":true}]}}