{"id":1116,"date":"2024-04-17T16:20:13","date_gmt":"2024-04-17T16:20:13","guid":{"rendered":"https:\/\/1e0a6538c9.nxcli.io\/?page_id=1116"},"modified":"2025-03-07T19:23:12","modified_gmt":"2025-03-07T19:23:12","slug":"a-propos-de-nous","status":"publish","type":"page","link":"https:\/\/rougeriverfarms.com\/fr\/a-propos-de-nous\/","title":{"rendered":"A propos de nous"},"content":{"rendered":"\n<section class=\"hero white\" style=\"background-image:url(https:\/\/rougeriverfarms.com\/wp-content\/uploads\/2024\/04\/about_hero.webp);\">\n    <div class=\"container\">\n            <h1><strong>\u00c0 propos de<\/strong> Rouge River Farms<\/h1>\n    <\/div>\n<\/section>\n\n\n<section class=\"general white  default\">\n<div class=\"container halves intro-content\">\n    <div class=\"column\"><div class=\"module text-module\"><h2><span style=\"text-decoration: underline;\">R\u00e9colter<\/span> \u00e0 partir de racines humbles<\/h2>\n<\/div><\/div><div class=\"column\"><div class=\"module text-module\"><p>Ce qui a commenc\u00e9 comme un \u00e9tal de ma\u00efs en bord de route \u00e0 la fin des ann\u00e9es 1980 est devenu le principal distributeur de produits agricoles pour les points de vente alimentaires \u00e0 travers le continent. Rouge River Farms offre un service complet qui commence sur plus de 15 000 acres de terres agricoles en Floride, en G\u00e9orgie, en Virginie et en Ontario, Canada, et se termine sur les \u00e9tag\u00e8res de votre \u00e9picerie locale.<\/p>\n<\/div><\/div>    <\/div>\n<\/section>\n\n\n<section class=\"general white  default notop\">\n<div class=\"container halves flip-mobile\">\n    <div class=\"column\"><div class=\"module text-module\"><h2>Nos Produits Frais Disponibles Toute l&rsquo;Ann\u00e9e<\/h2>\n<p>Nous cultivons, r\u00e9coltons, emballons, exp\u00e9dions et livrons du <a href=\"https:\/\/rougeriverfarms.com\/fr\/mais-sucre\/\">ma\u00efs sucr\u00e9<\/a> et des <a href=\"https:\/\/rougeriverfarms.com\/fr\/haricots-verts\/\">haricots verts<\/a> depuis nos installations \u00e0 travers la r\u00e9gion, chacune respectant les m\u00eames normes de qualit\u00e9 sup\u00e9rieure. Pour nous, cela signifie que nous pouvons r\u00e9colter tout au long de l&rsquo;ann\u00e9e. Et pour vous ? Aucun probl\u00e8me d&rsquo;approvisionnement. Aucun panneau \u00ab en rupture de stock \u00bb. Pas d&rsquo;attente pour les produits que vos clients d\u00e9sirent.<\/p>\n<\/div><div class=\"module button-module\"><p><a href=\"https:\/\/rougeriverfarms.com\/fr\/a-propos-de-nous\/emplacement-des-installations\/\" class=\"btn\" target=\"_self\">Nos Emplacements d&rsquo;Installations<\/a><\/p><\/div><\/div><div class=\"column\"><div class=\"module image-module\"><img decoding=\"async\" src=\"https:\/\/rougeriverfarms.com\/wp-content\/uploads\/2024\/04\/fresh_products.webp\" alt=\"\" \/><\/div><\/div>    <\/div>\n<\/section>\n\n\n<section class=\"general white  default notop\">\n<div class=\"container halves\">\n    <div class=\"column\"><div class=\"module image-module\"><img decoding=\"async\" src=\"https:\/\/rougeriverfarms.com\/wp-content\/uploads\/2024\/04\/magnolia_packing.webp\" alt=\"\" \/><\/div><\/div><div class=\"column\"><div class=\"module text-module\"><h2>Magnolia Packing<\/h2>\n<p>Rouge River Farms s&rsquo;est lanc\u00e9 dans la production de haricots verts en 2014 avec l&rsquo;achat d&rsquo;une usine d&#8217;emballage en Floride. Cela a conduit \u00e0 une collaboration avec Magnolia Packing, une marque ayant une r\u00e9putation similaire pour la priorit\u00e9 donn\u00e9e aux produits de qualit\u00e9. En 2021, Rouge River Farms a acquis Magnolia Packing et a depuis contribu\u00e9 \u00e0 l&rsquo;expansion des op\u00e9rations, passant des <a href=\"https:\/\/rougeriverfarms.com\/fr\/haricots-verts\/\">haricots verts en vrac<\/a> aux emballages en plateaux pour consommateurs et aux produits en sacs.<\/p>\n<\/div><\/div>    <\/div>\n<\/section>\n\n\n<section class=\"general white  default notop\">\n<div class=\"container halves flip-mobile\">\n    <div class=\"column\"><div class=\"module text-module\"><h2>Des Produits de Qualit\u00e9 Livr\u00e9s avec Joie<\/h2>\n<p>Pour nous, il est satisfaisant d&rsquo;accompagner nos r\u00e9coltes du semis jusqu&rsquo;\u00e0 l&rsquo;\u00e9picerie. \u00catre pr\u00e9sent \u00e0 chaque \u00e9tape garantit un produit de haute qualit\u00e9. Cela d\u00e9montre les valeurs que nous d\u00e9fendons : soutien, famille. communaut\u00e9. Parlez avec nos agriculteurs, notre \u00e9quipe d&#8217;emballage, \u00e0 nos camionneurs, ainsi qu\u2019avec nos dirigeants, et vous entendrez la m\u00eame chose : nous aimons produire des aliments de qualit\u00e9!<\/p>\n<\/div><\/div><div class=\"column\"><div class=\"module image-module\"><img decoding=\"async\" src=\"https:\/\/rougeriverfarms.com\/wp-content\/uploads\/2024\/04\/quality.webp\" alt=\"\" \/><\/div><\/div>    <\/div>\n<\/section>\n\n\n<section class=\"general white  default notop\">\n<div class=\"container halves\">\n    <div class=\"column\"><div class=\"module image-module\"><img decoding=\"async\" src=\"https:\/\/rougeriverfarms.com\/wp-content\/uploads\/2024\/04\/corn.webp\" alt=\"\" \/><\/div><\/div><div class=\"column\"><div class=\"module text-module\"><h2>S\u00e9curit\u00e9 Alimentaire &amp; Conformit\u00e9<\/h2>\n<p>La s\u00e9curit\u00e9 est une partie int\u00e9grante de notre fonctionnement. Nous utilisons des entreprises d&rsquo;audit certifi\u00e9es par le GFSI pour nous assurer que toutes les normes sont respect\u00e9es ou d\u00e9pass\u00e9es. De plus, nous mettons tout en \u0153uvre pour garantir que chaque produit puisse \u00eatre trac\u00e9 avec pr\u00e9cision. Notre processus de fabrication suit des normes strictes en mati\u00e8re de tra\u00e7abilit\u00e9, de gestion des risques et de gestion de crise.<\/p>\n<p><img loading=\"lazy\" decoding=\"async\" class=\"alignnone size-full wp-image-839\" src=\"https:\/\/rougeriverfarms.com\/wp-content\/uploads\/2024\/04\/canada_gap_logo.webp\" alt=\"Logo Canada Gap\" width=\"420\" height=\"53\" srcset=\"https:\/\/rougeriverfarms.com\/wp-content\/uploads\/2024\/04\/canada_gap_logo.webp 420w, https:\/\/rougeriverfarms.com\/wp-content\/uploads\/2024\/04\/canada_gap_logo-300x38.webp 300w\" sizes=\"auto, (max-width: 420px) 100vw, 420px\" \/><\/p>\n<\/div><\/div>    <\/div>\n<\/section>\n\n\n<section class=\"general white  default notop\">\n<div class=\"container halves\">\n    <div class=\"column\"><div class=\"module text-module\"><h2>Durabilit\u00e9 et Gestion Environnementale<\/h2>\n<p>Nous croyons que le syst\u00e8me agricole le plus durable est une approche hybride o\u00f9 la technologie conventionnelle est combin\u00e9e avec les principes fondamentaux de l&rsquo;agriculture biologique. Nous adh\u00e9rons aux principes de la rotation des cultures, \u00e0 l&rsquo;utilisation de cultures de couverture et \u00e0 la pratique du compostage.<\/p>\n<p><img loading=\"lazy\" decoding=\"async\" class=\"alignnone size-full wp-image-841\" src=\"https:\/\/rougeriverfarms.com\/wp-content\/uploads\/2024\/04\/scs_global_logo.webp\" alt=\"Logo de Scs Global\" width=\"400\" height=\"62\" srcset=\"https:\/\/rougeriverfarms.com\/wp-content\/uploads\/2024\/04\/scs_global_logo.webp 400w, https:\/\/rougeriverfarms.com\/wp-content\/uploads\/2024\/04\/scs_global_logo-300x47.webp 300w\" sizes=\"auto, (max-width: 400px) 100vw, 400px\" \/><\/p>\n<\/div><\/div><div class=\"column\"><div class=\"module image-module\"><img decoding=\"async\" src=\"https:\/\/rougeriverfarms.com\/wp-content\/uploads\/2024\/04\/stewardship.webp\" alt=\"\" \/><\/div><\/div>    <\/div>\n<\/section>\n\n\n<section class=\"slider white\">\n    <div class=\"container\">\n        <h2><u>Explorez<\/u> Rouge River Farms<\/h2>\n        <div class=\"slider-single padding\">\n            \n                    <div class=\"slide\">\n                        <img decoding=\"async\" src=\"https:\/\/rougeriverfarms.com\/wp-content\/uploads\/2024\/04\/driven_slide.webp\" alt=\"\" \/>                    <\/div>\n\n                    \n                    <div class=\"slide\">\n                        <img decoding=\"async\" src=\"https:\/\/rougeriverfarms.com\/wp-content\/uploads\/2024\/04\/driven_slide.webp\" alt=\"\" \/>                    <\/div>\n\n                            <\/div>\n    <\/div>\n<\/section>","protected":false},"excerpt":{"rendered":"","protected":false},"author":1,"featured_media":0,"parent":0,"menu_order":5,"comment_status":"closed","ping_status":"closed","template":"","meta":{"_acf_changed":false,"_relevanssi_hide_post":"","_relevanssi_pin_for_all":"","_relevanssi_pin_keywords":"","_relevanssi_unpin_keywords":"","_relevanssi_related_keywords":"","_relevanssi_related_include_ids":"","_relevanssi_related_exclude_ids":"","_relevanssi_related_no_append":"","_relevanssi_related_not_related":"","_relevanssi_related_posts":"","_relevanssi_noindex_reason":"","footnotes":""},"class_list":["post-1116","page","type-page","status-publish","hentry"],"acf":[],"yoast_head":"<!-- This site is optimized with the Yoast SEO plugin v27.4 - https:\/\/yoast.com\/product\/yoast-seo-wordpress\/ -->\n<title>A propos de nous | Rouge River Farms<\/title>\n<meta name=\"description\" content=\"Rouge River Farms a commenc\u00e9 en Ontario avec un \u00e9tal de ferme et s&#039;est d\u00e9velopp\u00e9e pour maintenant cultiver plus de 15 000 acres en Ontario, Canada; ainsi qu\u2019en Floride, Virginie et G\u00e9orgie aux Etats-Unis.\" \/>\n<meta name=\"robots\" content=\"index, follow, max-snippet:-1, max-image-preview:large, max-video-preview:-1\" \/>\n<link rel=\"canonical\" href=\"https:\/\/rougeriverfarms.com\/fr\/a-propos-de-nous\/\" \/>\n<meta property=\"og:locale\" content=\"fr_FR\" \/>\n<meta property=\"og:type\" content=\"article\" \/>\n<meta property=\"og:title\" content=\"A propos de nous | Rouge River Farms\" \/>\n<meta property=\"og:description\" content=\"Rouge River Farms a commenc\u00e9 en Ontario avec un \u00e9tal de ferme et s&#039;est d\u00e9velopp\u00e9e pour maintenant cultiver plus de 15 000 acres en Ontario, Canada; ainsi qu\u2019en Floride, Virginie et G\u00e9orgie aux Etats-Unis.\" \/>\n<meta property=\"og:url\" content=\"https:\/\/rougeriverfarms.com\/fr\/a-propos-de-nous\/\" \/>\n<meta property=\"og:site_name\" content=\"Rouge River Farms\" \/>\n<meta property=\"article:modified_time\" content=\"2025-03-07T19:23:12+00:00\" \/>\n<meta name=\"twitter:card\" content=\"summary_large_image\" \/>\n<script type=\"application\/ld+json\" class=\"yoast-schema-graph\">{\"@context\":\"https:\\\/\\\/schema.org\",\"@graph\":[{\"@type\":\"WebPage\",\"@id\":\"https:\\\/\\\/rougeriverfarms.com\\\/fr\\\/a-propos-de-nous\\\/\",\"url\":\"https:\\\/\\\/rougeriverfarms.com\\\/fr\\\/a-propos-de-nous\\\/\",\"name\":\"A propos de nous | Rouge River Farms\",\"isPartOf\":{\"@id\":\"https:\\\/\\\/rougeriverfarms.com\\\/fr\\\/#website\"},\"datePublished\":\"2024-04-17T16:20:13+00:00\",\"dateModified\":\"2025-03-07T19:23:12+00:00\",\"description\":\"Rouge River Farms a commenc\u00e9 en Ontario avec un \u00e9tal de ferme et s'est d\u00e9velopp\u00e9e pour maintenant cultiver plus de 15 000 acres en Ontario, Canada; ainsi qu\u2019en Floride, Virginie et G\u00e9orgie aux Etats-Unis.\",\"breadcrumb\":{\"@id\":\"https:\\\/\\\/rougeriverfarms.com\\\/fr\\\/a-propos-de-nous\\\/#breadcrumb\"},\"inLanguage\":\"fr-FR\",\"potentialAction\":[{\"@type\":\"ReadAction\",\"target\":[\"https:\\\/\\\/rougeriverfarms.com\\\/fr\\\/a-propos-de-nous\\\/\"]}]},{\"@type\":\"BreadcrumbList\",\"@id\":\"https:\\\/\\\/rougeriverfarms.com\\\/fr\\\/a-propos-de-nous\\\/#breadcrumb\",\"itemListElement\":[{\"@type\":\"ListItem\",\"position\":1,\"name\":\"Home\",\"item\":\"https:\\\/\\\/rougeriverfarms.com\\\/fr\\\/\"},{\"@type\":\"ListItem\",\"position\":2,\"name\":\"A propos de nous\"}]},{\"@type\":\"WebSite\",\"@id\":\"https:\\\/\\\/rougeriverfarms.com\\\/fr\\\/#website\",\"url\":\"https:\\\/\\\/rougeriverfarms.com\\\/fr\\\/\",\"name\":\"Rouge River Farms\",\"description\":\"\",\"potentialAction\":[{\"@type\":\"SearchAction\",\"target\":{\"@type\":\"EntryPoint\",\"urlTemplate\":\"https:\\\/\\\/rougeriverfarms.com\\\/fr\\\/?s={search_term_string}\"},\"query-input\":{\"@type\":\"PropertyValueSpecification\",\"valueRequired\":true,\"valueName\":\"search_term_string\"}}],\"inLanguage\":\"fr-FR\"}]}<\/script>\n<!-- \/ Yoast SEO plugin. -->","yoast_head_json":{"title":"A propos de nous | Rouge River Farms","description":"Rouge River Farms a commenc\u00e9 en Ontario avec un \u00e9tal de ferme et s'est d\u00e9velopp\u00e9e pour maintenant cultiver plus de 15 000 acres en Ontario, Canada; ainsi qu\u2019en Floride, Virginie et G\u00e9orgie aux Etats-Unis.","robots":{"index":"index","follow":"follow","max-snippet":"max-snippet:-1","max-image-preview":"max-image-preview:large","max-video-preview":"max-video-preview:-1"},"canonical":"https:\/\/rougeriverfarms.com\/fr\/a-propos-de-nous\/","og_locale":"fr_FR","og_type":"article","og_title":"A propos de nous | Rouge River Farms","og_description":"Rouge River Farms a commenc\u00e9 en Ontario avec un \u00e9tal de ferme et s'est d\u00e9velopp\u00e9e pour maintenant cultiver plus de 15 000 acres en Ontario, Canada; ainsi qu\u2019en Floride, Virginie et G\u00e9orgie aux Etats-Unis.","og_url":"https:\/\/rougeriverfarms.com\/fr\/a-propos-de-nous\/","og_site_name":"Rouge River Farms","article_modified_time":"2025-03-07T19:23:12+00:00","twitter_card":"summary_large_image","schema":{"@context":"https:\/\/schema.org","@graph":[{"@type":"WebPage","@id":"https:\/\/rougeriverfarms.com\/fr\/a-propos-de-nous\/","url":"https:\/\/rougeriverfarms.com\/fr\/a-propos-de-nous\/","name":"A propos de nous | Rouge River Farms","isPartOf":{"@id":"https:\/\/rougeriverfarms.com\/fr\/#website"},"datePublished":"2024-04-17T16:20:13+00:00","dateModified":"2025-03-07T19:23:12+00:00","description":"Rouge River Farms a commenc\u00e9 en Ontario avec un \u00e9tal de ferme et s'est d\u00e9velopp\u00e9e pour maintenant cultiver plus de 15 000 acres en Ontario, Canada; ainsi qu\u2019en Floride, Virginie et G\u00e9orgie aux Etats-Unis.","breadcrumb":{"@id":"https:\/\/rougeriverfarms.com\/fr\/a-propos-de-nous\/#breadcrumb"},"inLanguage":"fr-FR","potentialAction":[{"@type":"ReadAction","target":["https:\/\/rougeriverfarms.com\/fr\/a-propos-de-nous\/"]}]},{"@type":"BreadcrumbList","@id":"https:\/\/rougeriverfarms.com\/fr\/a-propos-de-nous\/#breadcrumb","itemListElement":[{"@type":"ListItem","position":1,"name":"Home","item":"https:\/\/rougeriverfarms.com\/fr\/"},{"@type":"ListItem","position":2,"name":"A propos de nous"}]},{"@type":"WebSite","@id":"https:\/\/rougeriverfarms.com\/fr\/#website","url":"https:\/\/rougeriverfarms.com\/fr\/","name":"Rouge River Farms","description":"","potentialAction":[{"@type":"SearchAction","target":{"@type":"EntryPoint","urlTemplate":"https:\/\/rougeriverfarms.com\/fr\/?s={search_term_string}"},"query-input":{"@type":"PropertyValueSpecification","valueRequired":true,"valueName":"search_term_string"}}],"inLanguage":"fr-FR"}]}},"_links":{"self":[{"href":"https:\/\/rougeriverfarms.com\/fr\/wp-json\/wp\/v2\/pages\/1116","targetHints":{"allow":["GET"]}}],"collection":[{"href":"https:\/\/rougeriverfarms.com\/fr\/wp-json\/wp\/v2\/pages"}],"about":[{"href":"https:\/\/rougeriverfarms.com\/fr\/wp-json\/wp\/v2\/types\/page"}],"author":[{"embeddable":true,"href":"https:\/\/rougeriverfarms.com\/fr\/wp-json\/wp\/v2\/users\/1"}],"replies":[{"embeddable":true,"href":"https:\/\/rougeriverfarms.com\/fr\/wp-json\/wp\/v2\/comments?post=1116"}],"version-history":[{"count":8,"href":"https:\/\/rougeriverfarms.com\/fr\/wp-json\/wp\/v2\/pages\/1116\/revisions"}],"predecessor-version":[{"id":1158,"href":"https:\/\/rougeriverfarms.com\/fr\/wp-json\/wp\/v2\/pages\/1116\/revisions\/1158"}],"wp:attachment":[{"href":"https:\/\/rougeriverfarms.com\/fr\/wp-json\/wp\/v2\/media?parent=1116"}],"curies":[{"name":"wp","href":"https:\/\/api.w.org\/{rel}","templated":true}]}}