{"id":1112,"date":"2024-04-17T16:20:03","date_gmt":"2024-04-17T16:20:03","guid":{"rendered":"https:\/\/1e0a6538c9.nxcli.io\/?page_id=1112"},"modified":"2025-03-07T19:19:52","modified_gmt":"2025-03-07T19:19:52","slug":"transport","status":"publish","type":"page","link":"https:\/\/rougeriverfarms.com\/fr\/transport\/","title":{"rendered":"Transport"},"content":{"rendered":"\n<section class=\"hero white\" style=\"background-image:url(https:\/\/rougeriverfarms.com\/wp-content\/uploads\/2024\/04\/transportation_hero.webp);\">\n    <div class=\"container\">\n            <h1><strong>Transport<\/strong> <\/h1>\n    <\/div>\n<\/section>\n\n\n<section class=\"general white  default\">\n<div class=\"container halves intro-content\">\n    <div class=\"column\"><div class=\"module text-module\"><h2><span style=\"text-decoration: underline;\">Anim\u00e9<\/span> par la m\u00eame passion pour les produits de qualit\u00e9<\/h2>\n<\/div><\/div><div class=\"column\"><div class=\"module text-module\"><p>Rouge River Transportation offre des services logistiques complets pour l&rsquo;exp\u00e9dition de produits. Notre \u00e9quipe d&rsquo;experts s&rsquo;efforce de cr\u00e9er des relations sinc\u00e8res et utilise notre flotte pour connecter les clients avec le soutien n\u00e9cessaire \u00e0 la croissance de leur entreprise.<\/p>\n<p><a class=\"external-link\" href=\"https:\/\/rougerivertransportation.com\" target=\"_blank\" rel=\"noopener\">Rouge River Transportation<\/a><\/p>\n<\/div><\/div>    <\/div>\n<\/section>\n\n\n<section class=\"slider white\">\n    <div class=\"container\">\n        \n        <div class=\"slider-single\">\n            \n                    <div class=\"slide\">\n                        <img decoding=\"async\" src=\"https:\/\/rougeriverfarms.com\/wp-content\/uploads\/2024\/04\/driven_slide.webp\" alt=\"\" \/>                    <\/div>\n\n                    \n                    <div class=\"slide\">\n                        <img decoding=\"async\" src=\"https:\/\/rougeriverfarms.com\/wp-content\/uploads\/2024\/06\/816_526_51A_edit2s.jpg\" alt=\"\" \/>                    <\/div>\n\n                    \n                    <div class=\"slide\">\n                        <img decoding=\"async\" src=\"https:\/\/rougeriverfarms.com\/wp-content\/uploads\/2024\/06\/816_526_50A.jpg\" alt=\"\" \/>                    <\/div>\n\n                            <\/div>\n    <\/div>\n<\/section>","protected":false},"excerpt":{"rendered":"","protected":false},"author":1,"featured_media":0,"parent":0,"menu_order":4,"comment_status":"closed","ping_status":"closed","template":"","meta":{"_acf_changed":false,"_relevanssi_hide_post":"","_relevanssi_pin_for_all":"","_relevanssi_pin_keywords":"","_relevanssi_unpin_keywords":"","_relevanssi_related_keywords":"","_relevanssi_related_include_ids":"","_relevanssi_related_exclude_ids":"","_relevanssi_related_no_append":"","_relevanssi_related_not_related":"","_relevanssi_related_posts":"","_relevanssi_noindex_reason":"","footnotes":""},"class_list":["post-1112","page","type-page","status-publish","hentry"],"acf":[],"yoast_head":"<!-- This site is optimized with the Yoast SEO plugin v27.4 - https:\/\/yoast.com\/product\/yoast-seo-wordpress\/ -->\n<title>Transport | Rouge River Farms<\/title>\n<meta name=\"description\" content=\"Rouge River Farms offre des services logistiques complets pour l&#039;exp\u00e9dition de produits frais via notre division de transport, Rouge River Transport, avec le m\u00eame engagement envers la qualit\u00e9.\" \/>\n<meta name=\"robots\" content=\"index, follow, max-snippet:-1, max-image-preview:large, max-video-preview:-1\" \/>\n<link rel=\"canonical\" href=\"https:\/\/rougeriverfarms.com\/fr\/transport\/\" \/>\n<meta property=\"og:locale\" content=\"fr_FR\" \/>\n<meta property=\"og:type\" content=\"article\" \/>\n<meta property=\"og:title\" content=\"Transport | Rouge River Farms\" \/>\n<meta property=\"og:description\" content=\"Rouge River Farms offre des services logistiques complets pour l&#039;exp\u00e9dition de produits frais via notre division de transport, Rouge River Transport, avec le m\u00eame engagement envers la qualit\u00e9.\" \/>\n<meta property=\"og:url\" content=\"https:\/\/rougeriverfarms.com\/fr\/transport\/\" \/>\n<meta property=\"og:site_name\" content=\"Rouge River Farms\" \/>\n<meta property=\"article:modified_time\" content=\"2025-03-07T19:19:52+00:00\" \/>\n<meta name=\"twitter:card\" content=\"summary_large_image\" \/>\n<script type=\"application\/ld+json\" class=\"yoast-schema-graph\">{\"@context\":\"https:\\\/\\\/schema.org\",\"@graph\":[{\"@type\":\"WebPage\",\"@id\":\"https:\\\/\\\/rougeriverfarms.com\\\/fr\\\/transport\\\/\",\"url\":\"https:\\\/\\\/rougeriverfarms.com\\\/fr\\\/transport\\\/\",\"name\":\"Transport | Rouge River Farms\",\"isPartOf\":{\"@id\":\"https:\\\/\\\/rougeriverfarms.com\\\/fr\\\/#website\"},\"datePublished\":\"2024-04-17T16:20:03+00:00\",\"dateModified\":\"2025-03-07T19:19:52+00:00\",\"description\":\"Rouge River Farms offre des services logistiques complets pour l'exp\u00e9dition de produits frais via notre division de transport, Rouge River Transport, avec le m\u00eame engagement envers la qualit\u00e9.\",\"breadcrumb\":{\"@id\":\"https:\\\/\\\/rougeriverfarms.com\\\/fr\\\/transport\\\/#breadcrumb\"},\"inLanguage\":\"fr-FR\",\"potentialAction\":[{\"@type\":\"ReadAction\",\"target\":[\"https:\\\/\\\/rougeriverfarms.com\\\/fr\\\/transport\\\/\"]}]},{\"@type\":\"BreadcrumbList\",\"@id\":\"https:\\\/\\\/rougeriverfarms.com\\\/fr\\\/transport\\\/#breadcrumb\",\"itemListElement\":[{\"@type\":\"ListItem\",\"position\":1,\"name\":\"Home\",\"item\":\"https:\\\/\\\/rougeriverfarms.com\\\/fr\\\/\"},{\"@type\":\"ListItem\",\"position\":2,\"name\":\"Transport\"}]},{\"@type\":\"WebSite\",\"@id\":\"https:\\\/\\\/rougeriverfarms.com\\\/fr\\\/#website\",\"url\":\"https:\\\/\\\/rougeriverfarms.com\\\/fr\\\/\",\"name\":\"Rouge River Farms\",\"description\":\"\",\"potentialAction\":[{\"@type\":\"SearchAction\",\"target\":{\"@type\":\"EntryPoint\",\"urlTemplate\":\"https:\\\/\\\/rougeriverfarms.com\\\/fr\\\/?s={search_term_string}\"},\"query-input\":{\"@type\":\"PropertyValueSpecification\",\"valueRequired\":true,\"valueName\":\"search_term_string\"}}],\"inLanguage\":\"fr-FR\"}]}<\/script>\n<!-- \/ Yoast SEO plugin. -->","yoast_head_json":{"title":"Transport | Rouge River Farms","description":"Rouge River Farms offre des services logistiques complets pour l'exp\u00e9dition de produits frais via notre division de transport, Rouge River Transport, avec le m\u00eame engagement envers la qualit\u00e9.","robots":{"index":"index","follow":"follow","max-snippet":"max-snippet:-1","max-image-preview":"max-image-preview:large","max-video-preview":"max-video-preview:-1"},"canonical":"https:\/\/rougeriverfarms.com\/fr\/transport\/","og_locale":"fr_FR","og_type":"article","og_title":"Transport | Rouge River Farms","og_description":"Rouge River Farms offre des services logistiques complets pour l'exp\u00e9dition de produits frais via notre division de transport, Rouge River Transport, avec le m\u00eame engagement envers la qualit\u00e9.","og_url":"https:\/\/rougeriverfarms.com\/fr\/transport\/","og_site_name":"Rouge River Farms","article_modified_time":"2025-03-07T19:19:52+00:00","twitter_card":"summary_large_image","schema":{"@context":"https:\/\/schema.org","@graph":[{"@type":"WebPage","@id":"https:\/\/rougeriverfarms.com\/fr\/transport\/","url":"https:\/\/rougeriverfarms.com\/fr\/transport\/","name":"Transport | Rouge River Farms","isPartOf":{"@id":"https:\/\/rougeriverfarms.com\/fr\/#website"},"datePublished":"2024-04-17T16:20:03+00:00","dateModified":"2025-03-07T19:19:52+00:00","description":"Rouge River Farms offre des services logistiques complets pour l'exp\u00e9dition de produits frais via notre division de transport, Rouge River Transport, avec le m\u00eame engagement envers la qualit\u00e9.","breadcrumb":{"@id":"https:\/\/rougeriverfarms.com\/fr\/transport\/#breadcrumb"},"inLanguage":"fr-FR","potentialAction":[{"@type":"ReadAction","target":["https:\/\/rougeriverfarms.com\/fr\/transport\/"]}]},{"@type":"BreadcrumbList","@id":"https:\/\/rougeriverfarms.com\/fr\/transport\/#breadcrumb","itemListElement":[{"@type":"ListItem","position":1,"name":"Home","item":"https:\/\/rougeriverfarms.com\/fr\/"},{"@type":"ListItem","position":2,"name":"Transport"}]},{"@type":"WebSite","@id":"https:\/\/rougeriverfarms.com\/fr\/#website","url":"https:\/\/rougeriverfarms.com\/fr\/","name":"Rouge River Farms","description":"","potentialAction":[{"@type":"SearchAction","target":{"@type":"EntryPoint","urlTemplate":"https:\/\/rougeriverfarms.com\/fr\/?s={search_term_string}"},"query-input":{"@type":"PropertyValueSpecification","valueRequired":true,"valueName":"search_term_string"}}],"inLanguage":"fr-FR"}]}},"_links":{"self":[{"href":"https:\/\/rougeriverfarms.com\/fr\/wp-json\/wp\/v2\/pages\/1112","targetHints":{"allow":["GET"]}}],"collection":[{"href":"https:\/\/rougeriverfarms.com\/fr\/wp-json\/wp\/v2\/pages"}],"about":[{"href":"https:\/\/rougeriverfarms.com\/fr\/wp-json\/wp\/v2\/types\/page"}],"author":[{"embeddable":true,"href":"https:\/\/rougeriverfarms.com\/fr\/wp-json\/wp\/v2\/users\/1"}],"replies":[{"embeddable":true,"href":"https:\/\/rougeriverfarms.com\/fr\/wp-json\/wp\/v2\/comments?post=1112"}],"version-history":[{"count":4,"href":"https:\/\/rougeriverfarms.com\/fr\/wp-json\/wp\/v2\/pages\/1112\/revisions"}],"predecessor-version":[{"id":1154,"href":"https:\/\/rougeriverfarms.com\/fr\/wp-json\/wp\/v2\/pages\/1112\/revisions\/1154"}],"wp:attachment":[{"href":"https:\/\/rougeriverfarms.com\/fr\/wp-json\/wp\/v2\/media?parent=1112"}],"curies":[{"name":"wp","href":"https:\/\/api.w.org\/{rel}","templated":true}]}}