{"id":1094,"date":"2024-04-17T16:19:31","date_gmt":"2024-04-17T16:19:31","guid":{"rendered":"https:\/\/1e0a6538c9.nxcli.io\/?page_id=1094"},"modified":"2025-03-12T16:17:59","modified_gmt":"2025-03-12T16:17:59","slug":"mais-sucre","status":"publish","type":"page","link":"https:\/\/rougeriverfarms.com\/fr\/mais-sucre\/","title":{"rendered":"Ma\u00efs Sucr\u00e9"},"content":{"rendered":"\n<section class=\"hero white\" style=\"background-image:url(https:\/\/rougeriverfarms.com\/wp-content\/uploads\/2024\/04\/hero.webp);\">\n    <div class=\"container\">\n            <h1>Ma\u00efs Sucr\u00e9 <strong>en Gros<\/strong> <\/h1>\n    <\/div>\n<\/section>\n\n\n<section class=\"general white  default more-top\">\n<div class=\"container smallright intro-content\">\n    <div class=\"column\"><div class=\"module text-module\"><h2>Ma\u00efs <span style=\"text-decoration: underline;\">Frais<\/span> Pr\u00eat Toute l&rsquo;Ann\u00e9e<\/h2>\n<p>Nous nous engageons \u00e0 fournir aux fournisseurs alimentaires, d\u00e9taillants d&rsquo;\u00e9picerie, restaurants et \u00e0 tous nos autres clients du ma\u00efs sucr\u00e9 emball\u00e9 en plateaux de qualit\u00e9 sup\u00e9rieure, ainsi qu&rsquo;un service irr\u00e9prochable chaque jour.<\/p>\n<\/div><\/div><div class=\"column\"><div class=\"module image-module\"><img decoding=\"async\" src=\"https:\/\/rougeriverfarms.com\/wp-content\/uploads\/2024\/06\/RRF-Corn-5.webp\" alt=\"\" \/><\/div><\/div>    <\/div>\n<\/section>\n\n\n<section class=\"general white  default notop nobottom\">\n<div class=\"container\">\n    <div class=\"column\"><div class=\"module image-module rounded-white\"><img decoding=\"async\" src=\"https:\/\/rougeriverfarms.com\/wp-content\/uploads\/2025\/03\/Product-Chart-Section-french.jpg\" alt=\"Product Chart Section French\" \/><\/div><\/div>    <\/div>\n<\/section>\n\n\n<section class=\"general white  default\">\n<div class=\"container smallright\">\n    <div class=\"column\"><div class=\"module text-module\"><h2>D\u00e9tails du produit<\/h2>\n<p>Rouge River Farms s&rsquo;assure que les produits sont r\u00e9colt\u00e9s \u00e0 la date optimale, refroidis imm\u00e9diatement, puis charg\u00e9s pour le transport. La manipulation appropri\u00e9e ainsi que le transport rapide garantissent que ce qui arrive sur votre assiette soit de la plus haute qualit\u00e9 et fra\u00eecheur.<\/p>\n<\/div><\/div><div class=\"column\"><div class=\"module text-module\"><h3>Pr\u00e9sentoir de vente au d\u00e9tail<\/h3>\n<ul>\n<li>\u00c9tiquetage priv\u00e9<\/li>\n<li>Marque Rouge River Farms<\/li>\n<li>Programmes sur mesure<\/li>\n<li>Opportunit\u00e9s de commercialisation crois\u00e9e<\/li>\n<\/ul>\n<\/div><\/div>    <\/div>\n<\/section>\n\n\n<section class=\"cards none white notop\">\n    <div class=\"container\">\n        <div class=\"intro\"><h3>Emballer<\/h3>\n<\/div><div class=\"cards-grid\">\n                    \n                    <div class=\"card has-image\"><div class=\"image\" style=\"background-image:url(https:\/\/rougeriverfarms.com\/wp-content\/uploads\/2024\/06\/Xx0U_zfE.webp);\"><\/div>                        <div class=\"content\">\n                            <h3>Paquet de 4<\/h3>\n                                                                                <\/div>\n                    <\/div>\n            \n                    \n                    <div class=\"card has-image\"><div class=\"image\" style=\"background-image:url(https:\/\/rougeriverfarms.com\/wp-content\/uploads\/2024\/06\/RRF-Corn-14.webp);\"><\/div>                        <div class=\"content\">\n                            <h3>Paquet de 5<\/h3>\n                                                                                <\/div>\n                    <\/div>\n            \n                    \n                    <div class=\"card has-image\"><div class=\"image\" style=\"background-image:url(https:\/\/rougeriverfarms.com\/wp-content\/uploads\/2024\/06\/RRF-Corn-4.webp);\"><\/div>                        <div class=\"content\">\n                            <h3>Ma\u00efs en vrac<\/h3>\n                                                                                <\/div>\n                    <\/div>\n            <\/div>    <\/div>\n<\/section>\n\n\n\n<section  class=\"pre-footer cta white\">\n\t<div class=\"container\">\n\t\t<div class=\"flex-prefooter\">\n            <h2>Pour les demandes de la vente en gros, appelez le <a class=\"tel\" href=\"tel:800-773-9216\">800.773.9216<\/a> ou <a href=\"https:\/\/rougeriverfarms.com\/fr\/contactez-nous\/\">prenez contact avec nous.<\/a><\/h2>\n        <\/div>\n\t<\/div>\n<\/section>\n\n\n<section class=\"cards none white\">\n    <div class=\"container\">\n        <div class=\"intro\"><h2><span style=\"text-decoration: underline;\">Notre Diff\u00e9rence<br \/>\n<\/span><\/h2>\n<\/div><div class=\"cards-grid\">\n                    \n                    <div class=\"card no-image\">                        <div class=\"content\">\n                            <h3>Cultiver, R\u00e9colter &#038; Emballer<\/h3>\n                            <p>Nous garantissons des produits de qualit\u00e9 d\u00e8s le d\u00e9part, dont la majorit\u00e9 est exp\u00e9di\u00e9e le jour m\u00eame de la r\u00e9colte.<\/p>\n                            <a href=\"https:\/\/rougeriverfarms.com\/fr\/a-propos-de-nous\/\" class=\"arrow-link\" target=\"\">Qualit\u00e9<\/a>                        <\/div>\n                    <\/div>\n            \n                    \n                    <div class=\"card no-image\">                        <div class=\"content\">\n                            <h3>Exp\u00e9dier &#038; Livrer<\/h3>\n                            <p>Notre \u00e9quipe logistique travaille sans rel\u00e2che pour vous livrer les produits rapidement, \u00e0 un prix abordable et avec le m\u00eame niveau de qualit\u00e9 que vous attendez.<\/p>\n                            <a href=\"https:\/\/rougeriverfarms.com\/fr\/transport\/\" class=\"arrow-link\" target=\"\">Transport<\/a>                        <\/div>\n                    <\/div>\n            \n                    \n                    <div class=\"card no-image\">                        <div class=\"content\">\n                            <h3>Service de Premier Plan<\/h3>\n                            <p>Des relations de confiance nous ont permis de passer d\u2019un \u00e9tal de produits sur le bord de la route \u00e0 ce que nous sommes aujourd\u2019hui.<\/p>\n                            <a href=\"https:\/\/rougeriverfarms.com\/fr\/contactez-nous\/\" class=\"arrow-link\" target=\"\">Contactez-nous<\/a>                        <\/div>\n                    <\/div>\n            <\/div>    <\/div>\n<\/section>\n\n\n<section class=\"image-fullwidth white nobottom\">\n    <div class=\"container\">\n        <img decoding=\"async\" class=\"fullwidth-image-mobile\" src=\"https:\/\/rougeriverfarms.com\/wp-content\/uploads\/2024\/04\/corn-field-footer.webp\" alt=\"\"><img decoding=\"async\" class=\"fullwidth-image \" src=\"https:\/\/rougeriverfarms.com\/wp-content\/uploads\/2024\/04\/Rectangle-29.png\" alt=\"\">    <\/div>\n<\/section>","protected":false},"excerpt":{"rendered":"","protected":false},"author":1,"featured_media":0,"parent":0,"menu_order":1,"comment_status":"closed","ping_status":"closed","template":"","meta":{"_acf_changed":false,"_relevanssi_hide_post":"","_relevanssi_pin_for_all":"","_relevanssi_pin_keywords":"","_relevanssi_unpin_keywords":"","_relevanssi_related_keywords":"","_relevanssi_related_include_ids":"","_relevanssi_related_exclude_ids":"","_relevanssi_related_no_append":"","_relevanssi_related_not_related":"","_relevanssi_related_posts":"","_relevanssi_noindex_reason":"","footnotes":""},"class_list":["post-1094","page","type-page","status-publish","hentry"],"acf":[],"yoast_head":"<!-- This site is optimized with the Yoast SEO plugin v27.4 - https:\/\/yoast.com\/product\/yoast-seo-wordpress\/ -->\n<title>Ma\u00efs Sucr\u00e9 | Rouge River Farms<\/title>\n<meta name=\"description\" content=\"Notre ma\u00efs en gros de Rouge River Farms est cultiv\u00e9 de mani\u00e8re durable et est disponible \u00e0 tout moment de l&#039;ann\u00e9e. Nous cultivons, refroidissons, emballons et exp\u00e9dions tous nos produits nous-m\u00eames.\" \/>\n<meta name=\"robots\" content=\"index, follow, max-snippet:-1, max-image-preview:large, max-video-preview:-1\" \/>\n<link rel=\"canonical\" href=\"https:\/\/rougeriverfarms.com\/fr\/mais-sucre\/\" \/>\n<meta property=\"og:locale\" content=\"fr_FR\" \/>\n<meta property=\"og:type\" content=\"article\" \/>\n<meta property=\"og:title\" content=\"Ma\u00efs Sucr\u00e9 | Rouge River Farms\" \/>\n<meta property=\"og:description\" content=\"Notre ma\u00efs en gros de Rouge River Farms est cultiv\u00e9 de mani\u00e8re durable et est disponible \u00e0 tout moment de l&#039;ann\u00e9e. Nous cultivons, refroidissons, emballons et exp\u00e9dions tous nos produits nous-m\u00eames.\" \/>\n<meta property=\"og:url\" content=\"https:\/\/rougeriverfarms.com\/fr\/mais-sucre\/\" \/>\n<meta property=\"og:site_name\" content=\"Rouge River Farms\" \/>\n<meta property=\"article:modified_time\" content=\"2025-03-12T16:17:59+00:00\" \/>\n<meta name=\"twitter:card\" content=\"summary_large_image\" \/>\n<script type=\"application\/ld+json\" class=\"yoast-schema-graph\">{\"@context\":\"https:\\\/\\\/schema.org\",\"@graph\":[{\"@type\":\"WebPage\",\"@id\":\"https:\\\/\\\/rougeriverfarms.com\\\/fr\\\/mais-sucre\\\/\",\"url\":\"https:\\\/\\\/rougeriverfarms.com\\\/fr\\\/mais-sucre\\\/\",\"name\":\"Ma\u00efs Sucr\u00e9 | Rouge River Farms\",\"isPartOf\":{\"@id\":\"https:\\\/\\\/rougeriverfarms.com\\\/fr\\\/#website\"},\"datePublished\":\"2024-04-17T16:19:31+00:00\",\"dateModified\":\"2025-03-12T16:17:59+00:00\",\"description\":\"Notre ma\u00efs en gros de Rouge River Farms est cultiv\u00e9 de mani\u00e8re durable et est disponible \u00e0 tout moment de l'ann\u00e9e. Nous cultivons, refroidissons, emballons et exp\u00e9dions tous nos produits nous-m\u00eames.\",\"breadcrumb\":{\"@id\":\"https:\\\/\\\/rougeriverfarms.com\\\/fr\\\/mais-sucre\\\/#breadcrumb\"},\"inLanguage\":\"fr-FR\",\"potentialAction\":[{\"@type\":\"ReadAction\",\"target\":[\"https:\\\/\\\/rougeriverfarms.com\\\/fr\\\/mais-sucre\\\/\"]}]},{\"@type\":\"BreadcrumbList\",\"@id\":\"https:\\\/\\\/rougeriverfarms.com\\\/fr\\\/mais-sucre\\\/#breadcrumb\",\"itemListElement\":[{\"@type\":\"ListItem\",\"position\":1,\"name\":\"Home\",\"item\":\"https:\\\/\\\/rougeriverfarms.com\\\/fr\\\/\"},{\"@type\":\"ListItem\",\"position\":2,\"name\":\"Ma\u00efs Sucr\u00e9\"}]},{\"@type\":\"WebSite\",\"@id\":\"https:\\\/\\\/rougeriverfarms.com\\\/fr\\\/#website\",\"url\":\"https:\\\/\\\/rougeriverfarms.com\\\/fr\\\/\",\"name\":\"Rouge River Farms\",\"description\":\"\",\"potentialAction\":[{\"@type\":\"SearchAction\",\"target\":{\"@type\":\"EntryPoint\",\"urlTemplate\":\"https:\\\/\\\/rougeriverfarms.com\\\/fr\\\/?s={search_term_string}\"},\"query-input\":{\"@type\":\"PropertyValueSpecification\",\"valueRequired\":true,\"valueName\":\"search_term_string\"}}],\"inLanguage\":\"fr-FR\"}]}<\/script>\n<!-- \/ Yoast SEO plugin. -->","yoast_head_json":{"title":"Ma\u00efs Sucr\u00e9 | Rouge River Farms","description":"Notre ma\u00efs en gros de Rouge River Farms est cultiv\u00e9 de mani\u00e8re durable et est disponible \u00e0 tout moment de l'ann\u00e9e. Nous cultivons, refroidissons, emballons et exp\u00e9dions tous nos produits nous-m\u00eames.","robots":{"index":"index","follow":"follow","max-snippet":"max-snippet:-1","max-image-preview":"max-image-preview:large","max-video-preview":"max-video-preview:-1"},"canonical":"https:\/\/rougeriverfarms.com\/fr\/mais-sucre\/","og_locale":"fr_FR","og_type":"article","og_title":"Ma\u00efs Sucr\u00e9 | Rouge River Farms","og_description":"Notre ma\u00efs en gros de Rouge River Farms est cultiv\u00e9 de mani\u00e8re durable et est disponible \u00e0 tout moment de l'ann\u00e9e. Nous cultivons, refroidissons, emballons et exp\u00e9dions tous nos produits nous-m\u00eames.","og_url":"https:\/\/rougeriverfarms.com\/fr\/mais-sucre\/","og_site_name":"Rouge River Farms","article_modified_time":"2025-03-12T16:17:59+00:00","twitter_card":"summary_large_image","schema":{"@context":"https:\/\/schema.org","@graph":[{"@type":"WebPage","@id":"https:\/\/rougeriverfarms.com\/fr\/mais-sucre\/","url":"https:\/\/rougeriverfarms.com\/fr\/mais-sucre\/","name":"Ma\u00efs Sucr\u00e9 | Rouge River Farms","isPartOf":{"@id":"https:\/\/rougeriverfarms.com\/fr\/#website"},"datePublished":"2024-04-17T16:19:31+00:00","dateModified":"2025-03-12T16:17:59+00:00","description":"Notre ma\u00efs en gros de Rouge River Farms est cultiv\u00e9 de mani\u00e8re durable et est disponible \u00e0 tout moment de l'ann\u00e9e. Nous cultivons, refroidissons, emballons et exp\u00e9dions tous nos produits nous-m\u00eames.","breadcrumb":{"@id":"https:\/\/rougeriverfarms.com\/fr\/mais-sucre\/#breadcrumb"},"inLanguage":"fr-FR","potentialAction":[{"@type":"ReadAction","target":["https:\/\/rougeriverfarms.com\/fr\/mais-sucre\/"]}]},{"@type":"BreadcrumbList","@id":"https:\/\/rougeriverfarms.com\/fr\/mais-sucre\/#breadcrumb","itemListElement":[{"@type":"ListItem","position":1,"name":"Home","item":"https:\/\/rougeriverfarms.com\/fr\/"},{"@type":"ListItem","position":2,"name":"Ma\u00efs Sucr\u00e9"}]},{"@type":"WebSite","@id":"https:\/\/rougeriverfarms.com\/fr\/#website","url":"https:\/\/rougeriverfarms.com\/fr\/","name":"Rouge River Farms","description":"","potentialAction":[{"@type":"SearchAction","target":{"@type":"EntryPoint","urlTemplate":"https:\/\/rougeriverfarms.com\/fr\/?s={search_term_string}"},"query-input":{"@type":"PropertyValueSpecification","valueRequired":true,"valueName":"search_term_string"}}],"inLanguage":"fr-FR"}]}},"_links":{"self":[{"href":"https:\/\/rougeriverfarms.com\/fr\/wp-json\/wp\/v2\/pages\/1094","targetHints":{"allow":["GET"]}}],"collection":[{"href":"https:\/\/rougeriverfarms.com\/fr\/wp-json\/wp\/v2\/pages"}],"about":[{"href":"https:\/\/rougeriverfarms.com\/fr\/wp-json\/wp\/v2\/types\/page"}],"author":[{"embeddable":true,"href":"https:\/\/rougeriverfarms.com\/fr\/wp-json\/wp\/v2\/users\/1"}],"replies":[{"embeddable":true,"href":"https:\/\/rougeriverfarms.com\/fr\/wp-json\/wp\/v2\/comments?post=1094"}],"version-history":[{"count":13,"href":"https:\/\/rougeriverfarms.com\/fr\/wp-json\/wp\/v2\/pages\/1094\/revisions"}],"predecessor-version":[{"id":1195,"href":"https:\/\/rougeriverfarms.com\/fr\/wp-json\/wp\/v2\/pages\/1094\/revisions\/1195"}],"wp:attachment":[{"href":"https:\/\/rougeriverfarms.com\/fr\/wp-json\/wp\/v2\/media?parent=1094"}],"curies":[{"name":"wp","href":"https:\/\/api.w.org\/{rel}","templated":true}]}}